{"id":5348,"date":"2024-07-31T10:57:27","date_gmt":"2024-07-31T10:57:27","guid":{"rendered":"https:\/\/satryna.mx\/tienda\/?post_type=product&#038;p=5348"},"modified":"2024-08-05T08:37:05","modified_gmt":"2024-08-05T08:37:05","slug":"reposado-triple-distilled","status":"publish","type":"product","link":"https:\/\/satryna.mx\/tienda\/product\/reposado-triple-distilled\/","title":{"rendered":"Reposado (Triple Distilled)"},"content":{"rendered":"","protected":false},"excerpt":{"rendered":"<p>El Tequila reposado Satryna se elabora artesanalmente con Agave Tequilana Weber procedente de los mejores campos de las tierras altas de Arandas.<\/p>\n<p>El agave s\u00f3lo se cosecha despu\u00e9s de 8 largos a\u00f1os y luego se cuece en hornos tradicionales y se fermenta utilizando levadura especial patentada. Este reposado se destila en peque\u00f1os lotes en diminutas ollas de acero inoxidable para obtener la m\u00e1xima suavidad y conservar el verdadero car\u00e1cter del agave dulce. A continuaci\u00f3n se envejece durante 9 meses en barricas de bourbon ex Jack Daniel, dando como resultado un tequila complejo y refinado.<\/p>\n<p>&nbsp;<\/p>\n<p>Color: \u00c1mbar claro<\/p>\n<p>A\u00f1ejamiento: 10 meses en roble americano<\/p>\n<p>Aroma: Seductores aromas de caramelo con un toque de especias<\/p>\n<p>Sabor: Suave roble caramelizado con toques de chocolate negro y capas de especias Final: Dulce y sedoso final con abundante vainilla cremosa [&#8230;]<\/p>\n<p><a class=\"btn btn-secondary understrap-read-more-link\" href=\"https:\/\/satryna.mx\/tienda\/product\/reposado-triple-distilled\/\">Read More&#8230;<\/a><\/p>\n","protected":false},"featured_media":5246,"comment_status":"closed","ping_status":"closed","template":"","meta":[],"product_cat":[18],"product_tag":[],"_links":{"self":[{"href":"https:\/\/satryna.mx\/tienda\/wp-json\/wp\/v2\/product\/5348"}],"collection":[{"href":"https:\/\/satryna.mx\/tienda\/wp-json\/wp\/v2\/product"}],"about":[{"href":"https:\/\/satryna.mx\/tienda\/wp-json\/wp\/v2\/types\/product"}],"replies":[{"embeddable":true,"href":"https:\/\/satryna.mx\/tienda\/wp-json\/wp\/v2\/comments?post=5348"}],"wp:featuredmedia":[{"embeddable":true,"href":"https:\/\/satryna.mx\/tienda\/wp-json\/wp\/v2\/media\/5246"}],"wp:attachment":[{"href":"https:\/\/satryna.mx\/tienda\/wp-json\/wp\/v2\/media?parent=5348"}],"wp:term":[{"taxonomy":"product_cat","embeddable":true,"href":"https:\/\/satryna.mx\/tienda\/wp-json\/wp\/v2\/product_cat?post=5348"},{"taxonomy":"product_tag","embeddable":true,"href":"https:\/\/satryna.mx\/tienda\/wp-json\/wp\/v2\/product_tag?post=5348"}],"curies":[{"name":"wp","href":"https:\/\/api.w.org\/{rel}","templated":true}]}}