{"id":5354,"date":"2024-07-31T11:35:43","date_gmt":"2024-07-31T11:35:43","guid":{"rendered":"https:\/\/satryna.mx\/tienda\/?post_type=product&#038;p=5354"},"modified":"2024-08-05T06:50:52","modified_gmt":"2024-08-05T06:50:52","slug":"cristalino","status":"publish","type":"product","link":"https:\/\/satryna.mx\/tienda\/product\/cristalino\/","title":{"rendered":"Cristalino"},"content":{"rendered":"","protected":false},"excerpt":{"rendered":"<p>El Tequila Satryna Cristalino se elabora artesanalmente con agave Tequilana Weber procedente de los mejores campos de las tierras altas de Arandas.<\/p>\n<p>El agave s\u00f3lo se cosecha despu\u00e9s de 8 largos a\u00f1os y luego se cuece en hornos tradicionales de ladrillo y se fermenta utilizando levadura especial patentada. Este Cristalino se destila en peque\u00f1os lotes en diminutas ollas de acero inoxidable para conseguir la m\u00e1xima suavidad y conservar el verdadero car\u00e1cter del agave dulce. A continuaci\u00f3n, se a\u00f1eja en barricas de roble franc\u00e9s ex co\u00f1ac y en barricas de roble americano ex bourbon, y se filtra finamente para obtener un aspecto cristalino. El resultado es un tequila que tiene la complejidad y el car\u00e1cter de un a\u00f1ejo con los matices crujientes y brillantes de un blanco.<\/p>\n<p>&nbsp;<\/p>\n<p>Color: Cristal brillante<\/p>\n<p>A\u00f1ejamiento: 12 meses y filtrado con carb\u00f3n vegetal<\/p>\n<p>Aroma: Mezcla fresca y crujiente de c\u00edtricos y agave dulce<\/p>\n<p>Sabor: Suave, de car\u00e1cter suave con toques de vainilla equilibrados con miel y roble<\/p>\n<p>Final: Brillante, limpio y c\u00e1lido con toques persistentes de roble [&#8230;]<\/p>\n<p><a class=\"btn btn-secondary understrap-read-more-link\" href=\"https:\/\/satryna.mx\/tienda\/product\/cristalino\/\">Read More&#8230;<\/a><\/p>\n","protected":false},"featured_media":5254,"comment_status":"closed","ping_status":"closed","template":"","meta":[],"product_cat":[18],"product_tag":[],"_links":{"self":[{"href":"https:\/\/satryna.mx\/tienda\/wp-json\/wp\/v2\/product\/5354"}],"collection":[{"href":"https:\/\/satryna.mx\/tienda\/wp-json\/wp\/v2\/product"}],"about":[{"href":"https:\/\/satryna.mx\/tienda\/wp-json\/wp\/v2\/types\/product"}],"replies":[{"embeddable":true,"href":"https:\/\/satryna.mx\/tienda\/wp-json\/wp\/v2\/comments?post=5354"}],"wp:featuredmedia":[{"embeddable":true,"href":"https:\/\/satryna.mx\/tienda\/wp-json\/wp\/v2\/media\/5254"}],"wp:attachment":[{"href":"https:\/\/satryna.mx\/tienda\/wp-json\/wp\/v2\/media?parent=5354"}],"wp:term":[{"taxonomy":"product_cat","embeddable":true,"href":"https:\/\/satryna.mx\/tienda\/wp-json\/wp\/v2\/product_cat?post=5354"},{"taxonomy":"product_tag","embeddable":true,"href":"https:\/\/satryna.mx\/tienda\/wp-json\/wp\/v2\/product_tag?post=5354"}],"curies":[{"name":"wp","href":"https:\/\/api.w.org\/{rel}","templated":true}]}}