{"id":5358,"date":"2024-07-31T12:13:32","date_gmt":"2024-07-31T12:13:32","guid":{"rendered":"https:\/\/satryna.mx\/tienda\/?post_type=product&#038;p=5358"},"modified":"2024-08-05T06:53:51","modified_gmt":"2024-08-05T06:53:51","slug":"mezcal-artesenal-cenizo","status":"publish","type":"product","link":"https:\/\/satryna.mx\/tienda\/product\/mezcal-artesenal-cenizo\/","title":{"rendered":"Mezcal Artesenal Cenizo"},"content":{"rendered":"","protected":false},"excerpt":{"rendered":"<p>El raro agave Cenizo crece silvestre en las empinadas laderas de Durango, en el norte de M\u00e9xico, durante 15 largos a\u00f1os, antes de estar listo para su recolecci\u00f3n. Utilizamos el proceso artesanal tradicional de un pozo de tierra para cocer el agave, una tahona para molerlo, fermentaci\u00f3n con levadura natural y destilaci\u00f3n en peque\u00f1os lotes con alambiques de madera. Este mezcal artesanal produce sabores ex\u00f3ticamente intensos con ricos tonos terrosos y un toque ahumado. Ya sea solo o mezclado en c\u00f3cteles, el Mezcal Cenizo es una bebida espirituosa que celebra la tradici\u00f3n y ofrece una muestra de la rica cultura y herencia de M\u00e9xico. Disfr\u00fatalo lentamente para apreciar plenamente su complejidad y la historia que cuenta con cada sorbo.<\/p>\n<p>&nbsp;<\/p>\n<p>Color &#8211; Transparente claro<\/p>\n<p>Nariz &#8211; Sin envejecer Aromas de frutas tropicales, rica miel y secoya terrosa le saludan al instante al descubrir este Cenizo.<\/p>\n<p>Sabor &#8211; Ricas notas de sabor como papaya y bayas de sa\u00faco llenan el paladar.<\/p>\n<p>Final &#8211; El sutil picante se condimenta con aromas de pimienta negra y pimienta verde caramelizada en un final largo y suave. [&#8230;]<\/p>\n<p><a class=\"btn btn-secondary understrap-read-more-link\" href=\"https:\/\/satryna.mx\/tienda\/product\/mezcal-artesenal-cenizo\/\">Read More&#8230;<\/a><\/p>\n","protected":false},"featured_media":5261,"comment_status":"closed","ping_status":"closed","template":"","meta":[],"product_cat":[31],"product_tag":[],"_links":{"self":[{"href":"https:\/\/satryna.mx\/tienda\/wp-json\/wp\/v2\/product\/5358"}],"collection":[{"href":"https:\/\/satryna.mx\/tienda\/wp-json\/wp\/v2\/product"}],"about":[{"href":"https:\/\/satryna.mx\/tienda\/wp-json\/wp\/v2\/types\/product"}],"replies":[{"embeddable":true,"href":"https:\/\/satryna.mx\/tienda\/wp-json\/wp\/v2\/comments?post=5358"}],"wp:featuredmedia":[{"embeddable":true,"href":"https:\/\/satryna.mx\/tienda\/wp-json\/wp\/v2\/media\/5261"}],"wp:attachment":[{"href":"https:\/\/satryna.mx\/tienda\/wp-json\/wp\/v2\/media?parent=5358"}],"wp:term":[{"taxonomy":"product_cat","embeddable":true,"href":"https:\/\/satryna.mx\/tienda\/wp-json\/wp\/v2\/product_cat?post=5358"},{"taxonomy":"product_tag","embeddable":true,"href":"https:\/\/satryna.mx\/tienda\/wp-json\/wp\/v2\/product_tag?post=5358"}],"curies":[{"name":"wp","href":"https:\/\/api.w.org\/{rel}","templated":true}]}}