{"id":5361,"date":"2024-08-02T09:44:03","date_gmt":"2024-08-02T09:44:03","guid":{"rendered":"https:\/\/satryna.mx\/tienda\/?post_type=product&#038;p=5361"},"modified":"2024-08-05T06:45:34","modified_gmt":"2024-08-05T06:45:34","slug":"blanco-triple-distilled","status":"publish","type":"product","link":"https:\/\/satryna.mx\/tienda\/product\/blanco-triple-distilled\/","title":{"rendered":"Blanco (Triple Distilled)"},"content":{"rendered":"<p>El Tequila Satryna Blanco se elabora artesanalmente con Agave Tequilana Weber procedente de los mejores campos de las tierras altas de Arandas.<\/p>\n<p>El agave s\u00f3lo se cosecha despu\u00e9s de 8 largos a\u00f1os y luego se cuece en hornos tradicionales de ladrillo y se fermenta utilizando levadura especial patentada. Este Blanco puro sin crianza se destila en peque\u00f1os lotes en diminutas ollas de acero inoxidable para obtener la m\u00e1xima suavidad, conservando al mismo tiempo el verdadero car\u00e1cter del agave dulce.<\/p>\n<p>&nbsp;<\/p>\n<p>Color: Brillante y cristalino<\/p>\n<p>A\u00f1ejamiento: Sin envejecer.<\/p>\n<p>Aroma: Fresco y herb\u00e1ceo con notas c\u00edtricas de pomelo y lima lim\u00f3n.<\/p>\n<p>Sabor: Ligero con notas dulces de agave y un toque de especias.<\/p>\n<p>Final: Suave vainilla con un toque de almendras y un retrogusto limpio y seco<\/p>\n","protected":false},"excerpt":{"rendered":"<p>El Tequila Satryna Blanco se elabora artesanalmente con Agave Tequilana Weber procedente de los mejores campos de las tierras altas de Arandas.<\/p>\n<p>El agave s\u00f3lo se cosecha despu\u00e9s de 8 largos a\u00f1os y luego se cuece en hornos tradicionales de ladrillo y se fermenta utilizando levadura especial patentada. Este Blanco puro sin crianza se destila en peque\u00f1os lotes en diminutas ollas de acero inoxidable para obtener la m\u00e1xima suavidad, conservando al mismo tiempo el verdadero car\u00e1cter del agave dulce.<\/p>\n<p>&nbsp;<\/p>\n<p>Color: Brillante y cristalino<\/p>\n<p>A\u00f1ejamiento: Sin envejecer.<\/p>\n<p>Aroma: Fresco y herb\u00e1ceo con notas c\u00edtricas de pomelo y lima lim\u00f3n.<\/p>\n<p>Sabor: Ligero con notas dulces de agave y un toque de especias.<\/p>\n<p>Final: Suave vainilla con un toque de almendras y un retrogusto limpio y seco [&#8230;]<\/p>\n<p><a class=\"btn btn-secondary understrap-read-more-link\" href=\"https:\/\/satryna.mx\/tienda\/product\/blanco-triple-distilled\/\">Read More&#8230;<\/a><\/p>\n","protected":false},"featured_media":5250,"comment_status":"open","ping_status":"closed","template":"","meta":[],"product_cat":[18],"product_tag":[],"_links":{"self":[{"href":"https:\/\/satryna.mx\/tienda\/wp-json\/wp\/v2\/product\/5361"}],"collection":[{"href":"https:\/\/satryna.mx\/tienda\/wp-json\/wp\/v2\/product"}],"about":[{"href":"https:\/\/satryna.mx\/tienda\/wp-json\/wp\/v2\/types\/product"}],"replies":[{"embeddable":true,"href":"https:\/\/satryna.mx\/tienda\/wp-json\/wp\/v2\/comments?post=5361"}],"wp:featuredmedia":[{"embeddable":true,"href":"https:\/\/satryna.mx\/tienda\/wp-json\/wp\/v2\/media\/5250"}],"wp:attachment":[{"href":"https:\/\/satryna.mx\/tienda\/wp-json\/wp\/v2\/media?parent=5361"}],"wp:term":[{"taxonomy":"product_cat","embeddable":true,"href":"https:\/\/satryna.mx\/tienda\/wp-json\/wp\/v2\/product_cat?post=5361"},{"taxonomy":"product_tag","embeddable":true,"href":"https:\/\/satryna.mx\/tienda\/wp-json\/wp\/v2\/product_tag?post=5361"}],"curies":[{"name":"wp","href":"https:\/\/api.w.org\/{rel}","templated":true}]}}